{"id":5049,"date":"2023-09-15T14:24:45","date_gmt":"2023-09-15T13:24:45","guid":{"rendered":"https:\/\/www.alittleb.it\/it\/?page_id=5049"},"modified":"2026-01-08T17:25:24","modified_gmt":"2026-01-08T16:25:24","slug":"modello-231","status":"publish","type":"page","link":"https:\/\/www.alittleb.it\/it\/chi-siamo\/modello-231\/","title":{"rendered":"Modello 231"},"content":{"rendered":"<div class=\"be-section         clearfix\" data-headerscheme=\"background--dark\" style=\" \"  ><div class=\"be-section-pad clearfix \" style=\" padding-top:90px;padding-bottom:90px;\" data-padding-top = \"90\"><div  class=\"be-row be-wrap clearfix \"><div  class=\"one-col column-block clearfix  no-background    \" data-animation=\"\" style=\"  \"><div class=\"be-custom-column-inner\"><p><strong>MODELLO DI ORGANIZZAZIONE, GESTIONE E CONTROLLO<br \/>\n<\/strong><\/p>\n<div>Il&nbsp;<b>D.lgs. n. 231<\/b>, emanato nel 2001 per adeguare la normativa nazionale ad alcune convenzioni internazionali e recepire una serie di provvedimenti comunitari e internazionali, mira a disciplinare la responsabilit\u00e0 amministrativa di imprese ed enti in relazione a reati commessi da parte degli amministratori o dei dipendenti \u201cnell\u2019interesse o a vantaggio dell\u2019impresa o ente\u201d. La normativa, infatti, attribuisce una responsabilit\u00e0 di tipo amministrativo all\u2019azienda qualora si ravvedano illeciti penali commessi nel suo interesse da parte di soggetti posti in posizione apicale all\u2019interno dell\u2019azienda stessa (amministratori) oppure di soggetti sottoposti alla vigilanza di questi ultimi (dipendenti).<\/div>\n<div>L\u2019azienda \u00e8 ritenuta responsabile di questi reati \u2013 e quindi passibile di punizione coinvolgendo il suo patrimonio \u2013 se essi sono riconducibili ad una colpa organizzativa, causata dalla mancata adozione di strumenti atti ad evitarlo. In tal senso, l\u2019adozione da parte dell\u2019azienda o ente di un adeguato Modello di Organizzazione, Gestione e Controllo, che non possa essere eluso se non in modo fraudolento e permetta di impedire e prevenire la commissione di reati, elimina qualsiasi tipo di responsabilit\u00e0 a carico dell\u2019azienda\/ente stesso.<\/div>\n<div>Per questo motivo,&nbsp;<b>Alittleb.it<\/b>&nbsp;ha adottato uno specifico&nbsp;<b>Modello di organizzazione, gestione e controllo,&nbsp;<\/b>in base alle proprie caratteristiche organizzative, alle attivit\u00e0 che svolge, ai processi produttivi e agli interlocutori con cui interagisce, in modo da chiedere legittimamente l&#8217;esclusione o la limitazione della propria responsabilit\u00e0 derivante da uno dei reati menzionati nella norma.<\/div>\n<div>Come previsto dallo stesso D.lgs. n. 231\/2001, Alittleb.it ha istituito anche un apposito <b>Organismo di Vigilanza (OdV)<\/b>&nbsp;con il compito di verificare eventuali situazioni di mancato rispetto del modello e di riportare al Consiglio di Amministrazione tutte le informazioni che riguardano aggiornamenti e\/o modifiche da apportare.<\/div>\n<p>&nbsp;<\/p>\n<p><strong>CODICE ETICO AZIENDALE<\/strong><\/p>\n<div><b>Alittleb.it<\/b>, inoltre, si \u00e8 dotata di un&nbsp;<b>Codice Etico<\/b>, approvato dall\u2019Assemblea degli azionisti, che \u00e8 parte integrante e sostanziale del Modello Organizzativo e definisce e disciplina la Policy<i>&nbsp;<\/i>aziendale, raccogliendo i principi etici e le regole comportamentali in cui la Societ\u00e0 si rispecchia, definendo la disciplina generale cui sono soggetti tutti coloro i quali operano nel contesto aziendale e per la Societ\u00e0 (gli Organi Sociali e i loro componenti, gli amministratori, i dipendenti, i consulenti, i collaboratori, i fornitori e in generale chiunque agisca in nome e per conto dell\u2019azienda).<\/div>\n<div>L\u2019obiettivo di&nbsp;alittleb.it nel dotarsi di questi strumenti \u00e8 quello di conformare la propria attivit\u00e0 ai principi di lealt\u00e0, correttezza e rispetto verso tutti gli stakeholder. L\u2019adozione del Modello Organizzativo e del Codice Etico rende pi\u00f9 chiari ruoli e responsabilit\u00e0 migliorando l\u2019organizzazione aziendale, riduce i rischi e favorisce il controllo su dati e informazioni, sulla documentazione, sui processi approvativi e in generale sul business aziendale, rende pi\u00f9 rigorosa la selezione dei fornitori, consente una gestione aziendale pi\u00f9 trasparente e aumenta l\u2019affidabilit\u00e0 sociale ed i comportamenti etici dell\u2019azienda, migliorandone la reputazione nei confronti di tutti i suoi interlocutori, compresa la Pubblica Amministrazione.<\/div>\n<div>L\u2019applicazione e l\u2019osservanza del Modello di Organizzazione, Gestione e Controllo e del Codice Etico, attraverso una costante e puntuale attivit\u00e0 di formazione e informazione a disposizione di tutti i destinatari (dipendenti, partner e fornitori), riduce al minimo la possibilit\u00e0 di violare la legge e questo rappresenta una notevole tutela, anche dal punto di vista personale, per gli amministratori, i dipendenti aziendali, i clienti e i fornitori. Infatti, il mancato compimento di pratiche corruttive elimina il rischio di sanzioni per l\u2019azienda, evitando gravi danni patrimoniali, con garanzia di stabilit\u00e0. Inoltre, si riducono infortuni sul lavoro, malattie professionali, incidenti ambientali e si affidano lavori, servizi, forniture, appalti e subappalti solo a fornitori idonei e sicuri.&nbsp;Alittleb.it sceglie esclusivamente i fornitori che adottano un comportamento conforme ai principi di correttezza ed etica commerciale, di rispetto dei diritti umani e di protezione dell\u2019ambiente. A sua volta Alittleb.it, in qualit\u00e0 di fornitore, si impegna a rispettare questi principi e questi diritti nei confronti di tutti i suoi Clienti.<\/div>\n<p>&nbsp;<\/p>\n<p><strong>PROCEDURA WHISTLEBLOWING<\/strong><\/p>\n<div>A ulteriore tutela di tutti gli stakeholder,&nbsp;<strong>Alittleb.it<\/strong>&nbsp;si \u00e8 dotata della&nbsp;<b>Procedura Whistleblowing,<\/b><i>&nbsp;<\/i>adeguandosi alle novit\u00e0 introdotte dalla normativa del 2017 recante \u201c<i>Disposizioni per la tutela degli autori di segnalazioni di reati o irregolarit\u00e0 di cui siano venuti a conoscenza nell&#8217;ambito di un rapporto di lavoro pubblico o privato<\/i>\u201d (c.d.&nbsp;<i>Whistleblowing<\/i>).<\/div>\n<div>Tale procedura intende fornire a qualunque soggetto, compresi Clienti e Fornitori, la possibilit\u00e0 di fare segnalazioni che riguardano comportamenti, rischi, reati o irregolarit\u00e0, consumati o tentati, a danno degli interessi dell\u2019Azienda, o in ogni caso passibili di violazioni del Modello e del Codice Etico.<\/div>\n<div>La segnalazione dei soggetti ritenuti colpevoli di atti illeciti \u00e8 fondamentale per impedire gli episodi corruttivi, a tutela dell\u2019integrit\u00e0 dell\u2019azienda e a garanzia di correttezza e legalit\u00e0 nei confronti di tutti coloro che sono coinvolti nell\u2019attivit\u00e0 aziendale.<\/div>\n<div>La procedura consente di gestire in modo chiaro oggetto, contenuti, destinatari e modalit\u00e0 di trasmissione delle segnalazioni, nell\u2019assoluto rispetto delle forme di tutela che vengono offerte al soggetto segnalatore da parte del nostro ordinamento.&nbsp; Egli \u00e8 infatti garantito contro qualsiasi forma di ritorsione, discriminazione o penalizzazione e potr\u00e0 richiedere la riservatezza della propria identit\u00e0.<\/div>\n<div>Tramite l\u2019adozione di tutti questi strumenti, <b>Alittleb.it si fa promotrice e garante dei valori della legalit\u00e0, della responsabilit\u00e0, della trasparenza, della sicurezza e dell\u2019etica professionale, nei confronti di tutti gli stakeholder.<\/b><\/div>\n<div style=\"margin-top: 20px;\"><\/div>\n<div><\/div>\n<div style=\"margin-bottom: 15px;\">Si prega di prendere visione di tutta la documentazione al riguardo:<\/div>\n<ul>\n<li><a href=\"https:\/\/www.alittleb.it\/wp-content\/uploads\/2023\/09\/Modello-di-Organizzazione_Parte-Generale.pdf\" target=\"_blank\" rel=\"noopener\">MODELLO DI ORGANIZZAZIONE, GESTIONE E CONTROLLO<\/a><\/li>\n<li><a href=\"https:\/\/www.alittleb.it\/wp-content\/uploads\/2023\/10\/Codice-EticoV2.pdf\" target=\"_blank\" rel=\"noopener\">CODICE ETICO AZIENDALE<\/a><\/li>\n<li><a href=\"https:\/\/www.alittleb.it\/wp-content\/uploads\/2026\/01\/FORMAT_Nuova-Procedura_Whistleblowing-Rev-5.pdf\" target=\"_blank\" rel=\"noopener\">PROCEDURA&nbsp;WHISTLEBLOWING<\/a><\/li>\n<\/ul>\n<\/div><\/div><\/div><\/div><\/div>","protected":false},"excerpt":{"rendered":"<p>MODELLO DI ORGANIZZAZIONE, GESTIONE E CONTROLLO Il&nbsp;D.lgs. n. 231, emanato nel 2001 per adeguare la normativa nazionale ad alcune convenzioni internazionali e recepire una serie di provvedimenti comunitari e internazionali, [&hellip;]<\/p>\n<p><a href=\"https:\/\/www.alittleb.it\/it\/chi-siamo\/modello-231\/\" class=\"more-link style2-button\">Read More<\/a><\/p>","protected":false},"author":9,"featured_media":0,"parent":4578,"menu_order":0,"comment_status":"closed","ping_status":"closed","template":"","meta":{"content-type":"","_monsterinsights_skip_tracking":false,"_monsterinsights_sitenote_active":false,"_monsterinsights_sitenote_note":"","_monsterinsights_sitenote_category":0,"footnotes":""},"aioseo_notices":[],"_links":{"self":[{"href":"https:\/\/www.alittleb.it\/it\/wp-json\/wp\/v2\/pages\/5049"}],"collection":[{"href":"https:\/\/www.alittleb.it\/it\/wp-json\/wp\/v2\/pages"}],"about":[{"href":"https:\/\/www.alittleb.it\/it\/wp-json\/wp\/v2\/types\/page"}],"author":[{"embeddable":true,"href":"https:\/\/www.alittleb.it\/it\/wp-json\/wp\/v2\/users\/9"}],"replies":[{"embeddable":true,"href":"https:\/\/www.alittleb.it\/it\/wp-json\/wp\/v2\/comments?post=5049"}],"version-history":[{"count":1,"href":"https:\/\/www.alittleb.it\/it\/wp-json\/wp\/v2\/pages\/5049\/revisions"}],"predecessor-version":[{"id":5050,"href":"https:\/\/www.alittleb.it\/it\/wp-json\/wp\/v2\/pages\/5049\/revisions\/5050"}],"up":[{"embeddable":true,"href":"https:\/\/www.alittleb.it\/it\/wp-json\/wp\/v2\/pages\/4578"}],"wp:attachment":[{"href":"https:\/\/www.alittleb.it\/it\/wp-json\/wp\/v2\/media?parent=5049"}],"curies":[{"name":"wp","href":"https:\/\/api.w.org\/{rel}","templated":true}]}}