{"id":4604,"date":"2016-02-26T16:30:05","date_gmt":"2016-02-26T15:30:05","guid":{"rendered":"https:\/\/alittleb.it\/it\/portfolio-case-study\/marionnaud\/"},"modified":"2016-07-06T11:27:18","modified_gmt":"2016-07-06T10:27:18","slug":"marionnaud","status":"publish","type":"page","link":"https:\/\/www.alittleb.it\/it\/portfolio-case-study\/marionnaud\/","title":{"rendered":"Marionnaud"},"content":{"rendered":"<div class=\"be-section         clearfix\" data-headerscheme=\"background--dark\" style=\" background-color: #f7f7f7;\"  data-title = \"acase\"><div class=\"be-section-pad clearfix \" style=\" padding-top:0px;padding-bottom:0px;\" data-padding-top = \"0\"><div  class=\"be-row be-wrap clearfix \"><div  class=\"one-col column-block clearfix  no-background    \" data-animation=\"\" style=\"  \"><div class=\"be-custom-column-pad\" style=\"padding-top: 20px;padding-bottom: 20px;\"><div class=\"accordion be-shortcode\" data-collapsed=\"1\"><h3 class=\"accordion-head no-bg\" style=\"color:#7a7a7a; ; \">Altri Case Study<\/h3><div><ul class=\"acase\">\n\t<li><a href=\"..\/beallianz\/\">Allianz OpenExpo 2.0<\/a><\/li>\n\t<li><a href=\"..\/allianz-expo\/\">Allianz Expo<\/a><\/li>\n\t<li><a href=\"..\/giugiaro\/\">Italdesign Giugiaro<\/a><\/li>\n\t<li><a href=\"..\/allianz-tweet\/\">Allianz Tweet<\/a><\/li>\n\t<li><a href=\"..\/mtv\/\">MTV, Nickelodeon, Paramount<\/a><\/li>\n\t<li><a href=\"..\/allianz-the-game-2-0\/\">Allianz TheGame 2.0<\/a><\/li>\n\t<li><a href=\"..\/bpm\/\">BPM<\/a><\/li>\n\t<li><a href=\"..\/mtv-awards-artistsaga\/\">MTV Awards - ArtistSaga<\/a><\/li>\n<\/ul><\/div><\/div><\/div><\/div><\/div><\/div><\/div><div class=\"be-section   be-bg-cover be-bg-parallax   full-screen-section  clearfix\" data-headerscheme=\"background--dark\" style=\" background: url(https:\/\/www.alittleb.it\/wp-content\/uploads\/2016\/02\/portfolio-marionnaud-2.jpg) no-repeat fixed center center;\"  ><div class=\"full-screen-section-wrap\"><div class=\"be-section-pad clearfix \" style=\" padding-top:0px;padding-bottom:0px;\" data-padding-top = \"0\"><div  class=\"be-row be-wrap clearfix zero-bottom \"><div  class=\"one-half column-block  no-background    \" data-animation=\"\" style=\"  \"><div class=\"be-custom-column-inner\"><div class=\"be-text-block be-animate \" data-animation=\"fadeInLeft\"><h2 style=\"text-align: justify;\">SKILLATO\u00ae PER MARIONNAUD<\/h2>\n<p class=\"p1\" style=\"font-size: 20px; text-align: justify;\">Marionnaud ha deciso di adottare<br \/>\nSKILLATO\u00ae MAGAZINE&nbsp;per formare e comunicare con&nbsp;i propri&nbsp;commessi, i \u201cBeauty Consultant\u201d.<\/p>\n<\/div><\/div><\/div><div  class=\"one-half column-block  no-background    \" data-animation=\"\" style=\"  \"><div class=\"be-custom-column-inner\"><\/div><\/div><\/div><\/div><\/div><\/div><div class=\"be-section   be-bg-cover be-bg-parallax     clearfix\" data-headerscheme=\"background--dark\" style=\" background-color: #742182;\"  ><div class=\"be-section-pad clearfix \" style=\" padding-top:90px;padding-bottom:90px;\" data-padding-top = \"90\"><div  class=\"be-row be-wrap clearfix \"><div  class=\"one-col column-block clearfix  no-background    \" data-animation=\"\" style=\"  \"><div class=\"be-custom-column-inner\"><div class=\"special-heading-wrap style1 be-animate 0\" data-animation=\"fadeInDown\"><div class=\"special-heading align-center\"><h2 class=\"special-h-tag\" style=\"color: #ffffff\">Un p\u00f2 di numeri<\/h2><hr class=\"separator margin-bottom \" style=\"background-color:#ffffff;border-color:#ffffff;color:#ffffff;height:2px;width:40px;\" \/><\/div><\/div><\/div><\/div><\/div><div  class=\"be-row be-wrap clearfix \"><div  class=\"one-col column-block clearfix  no-background    \" data-animation=\"\" style=\"  \"><div class=\"be-custom-column-inner\"><div class=\"grid-wrap \" data-col=\"3\" style=\"border-color: #7d278b; align-center\"><div class=\"grid-col  be-animate align-center\" data-animation=\"fadeInDown\"><i class=\"font-icon icon-profile-male large \" style=\"color: #ffffff;\"><\/i><div class=\"grid-info\"><h5 style=\"color: #fff;\">Oltre 500 dipendenti<\/h5>\n<\/div><\/div><div class=\"grid-col  be-animate align-center\" data-animation=\"fadeInDown\"><i class=\"font-icon icon-cart2 large \" style=\"color: #ffffff;\"><\/i><div class=\"grid-info\"><h5 style=\"color: #fff;\">120 Punti Vendita<\/h5>\n<\/div><\/div><div class=\"grid-col  be-animate align-center\" data-animation=\"fadeInDown\"><i class=\"font-icon icon-happy large \" style=\"color: #ffffff;\"><\/i><div class=\"grid-info\"><h5 style=\"color: #ffffff; padding-left: 30px;\">Utenti ingaggiati: 85%<\/h5>\n<\/div><\/div><div class=\"grid-col  be-animate align-center\" data-animation=\"fadeInDown\"><i class=\"font-icon icon-gauge large \" style=\"color: #ffffff;\"><\/i><div class=\"grid-info\"><h5 style=\"color: #fff;\">15% della popolazione accede giornalmente<\/h5>\n<\/div><\/div><div class=\"grid-col  be-animate align-center\" data-animation=\"fadeInDown\"><i class=\"font-icon icon-clock large \" style=\"color: #ffffff;\"><\/i><div class=\"grid-info\"><h5 style=\"color: #fff;\">Durata sessione media: 15 minuti<\/h5>\n<\/div><\/div><div class=\"grid-col  be-animate align-center\" data-animation=\"fadeInDown\"><i class=\"font-icon icon-bars large \" style=\"color: #ffffff;\"><\/i><div class=\"grid-info\"><h5 style=\"color: #fff;\">+500.000 visualizzazioni pagina in soli 6 mesi<\/h5>\n<\/div><\/div><\/div><\/div><\/div><\/div><\/div><\/div><div class=\"be-section         clearfix\" data-headerscheme=\"background--dark\" style=\" background-color: #eaeaea;\"  ><div class=\"be-section-pad clearfix \" style=\" padding-top:90px;padding-bottom:90px;\" data-padding-top = \"90\"><div  class=\"be-row  zero-bottom be-no-space \"><div  class=\"one-half column-block  no-background    \" data-animation=\"\" style=\"  \"><div class=\"be-custom-column-inner\"><div class=\"be-text-block be-animate \" data-animation=\"fadeInLeft\"><p><img decoding=\"async\" src=\"\/wp-content\/uploads\/2016\/02\/portfolio-marionnaud-4.png\" alt=\"\"><\/p>\n<\/div><\/div><\/div><div  class=\"one-half column-block  no-background    \" data-animation=\"\" style=\"  \"><div class=\"be-custom-column-inner\"><div class=\"be-text-block be-animate \" data-animation=\"slideInRight\"><div class=\"be-text-inner clearfix\" style=\"width: 450%; margin: 0 auto 30px;\"><h2>Formazione e produttivit\u00e0<\/h2>\n<p class=\"p1\" style=\"width: 450px;\">Il progetto nasce dall\u2019esigenza dell\u2019azienda di adottare sistemi digitali innovativi finalizzati al continuo aumento di produttivit\u00e0 della propria forza vendita, in quanto lo sviluppo tecnologico e il rinnovo delle proprie strategie di vendita sono considerate la strada obbligata per mantenere la posizione di leader del mercato.<\/p>\n<\/div><\/div><\/div><\/div><\/div><\/div><\/div><div class=\"be-section   be-bg-cover      clearfix\" data-headerscheme=\"background--dark\" style=\" background:#742182 url(https:\/\/www.alittleb.it\/wp-content\/uploads\/2016\/02\/portfolio-marionnaud-5.jpg) repeat scroll top right;\"  ><div class=\"be-section-pad clearfix \" style=\" padding-top:90px;padding-bottom:90px;\" data-padding-top = \"90\"><div  class=\"be-row be-wrap clearfix \"><div  class=\"one-col column-block clearfix  no-background    \" data-animation=\"\" style=\"  \"><div class=\"be-custom-column-inner\"><div class=\"special-heading-wrap style1 be-animate 0\" data-animation=\"fadeInDown\"><div class=\"special-heading align-center\"><h2 class=\"special-h-tag\" style=\"color: #ffffff\">Obiettivi<\/h2><hr class=\"separator margin-bottom \" style=\"background-color:#ffffff;border-color:#ffffff;color:#ffffff;height:2px;width:40px;\" \/><\/div><\/div><\/div><\/div><\/div><div class=\"be-row-wrap be-column-spacing clearfix\" style=\"border-spacing:150px 0;\"><div  class=\"be-row be-wrap  \"><div  class=\"one-half column-block  no-background    \" data-animation=\"\" style=\"  \"><div class=\"be-custom-column-inner\"><i class=\"icon-arrow_carrot-right_alt2 title-icon plain medium  be-animate align-left\" style=\"color:#ffffff;border-color: #ffffff\" data-animation=\"fadeIn\"><\/i><div class=\"title-with-icon  be-animate medium plain align-left\" data-animation=\"fadeIn\"><p class=\"p1\" style=\"color: #ffffff; font-size: 20px;\">Mantenere aggiornata la propria forza vendita sulle ultime tendenze<\/p>\n<\/div><i class=\"icon-arrow_carrot-right_alt2 title-icon plain medium  be-animate align-left\" style=\"color:#ffffff;border-color: #ffffff\" data-animation=\"fadeIn\"><\/i><div class=\"title-with-icon  be-animate medium plain align-left\" data-animation=\"fadeIn\"><p class=\"p1\" style=\"color: #ffffff; font-size: 20px;\">Guidare comportamenti sempre coerenti con le strategie del brand.<\/p>\n<\/div><\/div><\/div><div  class=\"one-half column-block  no-background    \" data-animation=\"\" style=\"  \"><div class=\"be-custom-column-inner\"><i class=\"icon-arrow_carrot-right_alt2 title-icon plain medium  be-animate align-left\" style=\"color:#ffffff;border-color: #ffffff\" data-animation=\"fadeIn\"><\/i><div class=\"title-with-icon  be-animate medium plain align-left\" data-animation=\"fadeIn\"><p class=\"p1\" style=\"color: #fff; font-size: 20px;\">Mantenere un\u2019elevato livello di coinvolgimento dei propri dipendenti attraverso un\u2019operazione di employer branding.<\/p>\n<\/div><i class=\"icon-arrow_carrot-right_alt2 title-icon plain medium  be-animate align-left\" style=\"color:#ffffff;border-color: #ffffff\" data-animation=\"fadeIn\"><\/i><div class=\"title-with-icon  be-animate medium plain align-left\" data-animation=\"fadeIn\"><p class=\"p1\" style=\"color: #ffffff; font-size: 20px;\">Organizzare facilmente aule formative di specializzazione (strategia blended)<\/p>\n<\/div><\/div><\/div><\/div><\/div><\/div><\/div><div class=\"be-section   be-bg-cover be-bg-parallax     clearfix\" data-headerscheme=\"background--dark\" style=\" background-color: #f4f4f4;\"  ><div class=\"be-section-pad clearfix \" style=\" padding-top:90px;padding-bottom:90px;\" data-padding-top = \"90\"><div  class=\"be-row be-wrap clearfix \"><div  class=\"one-half column-block  no-background    \" data-animation=\"\" style=\"  \"><div class=\"be-custom-column-inner\"><div class=\"be-text-block be-animate \" data-animation=\"fadeIn\"><div class=\"be-text-inner clearfix\" style=\"width: 80%; margin: 0 0 30px;\"><p><img decoding=\"async\" class=\"alignleft\" src=\"\/wp-content\/uploads\/2016\/02\/logo-2-1.png\" alt=\"\"><\/p>\n<\/div><\/div><\/div><\/div><div  class=\"one-half column-block  no-background    \" data-animation=\"\" style=\"  \"><div class=\"be-custom-column-inner\"><div class=\"be-text-block be-animate \" data-animation=\"fadeIn\"><p><span style=\"font-size: 17px; line-height: 1.7; color: #333;\">Il progetto \u00e8 basato su SKILLATO\u00ae Magazine, la nostra piattaforma di engagement orientata al miglioramento continuo dei tassi di partecipazione e fidelizzazione degli utenti, stimolando comportamenti attivi.<\/span><\/p>\n<\/div><div class=\"be-button-wrap align-block block-left \"><a class=\"be-shortcode largebtn be-button right-icon none  be-animate  bg-animation-none\" href=\"http:\/\/www.skillato.com\" style= \"border-style: solid; border-width:0px; border-color: #000000;background-color: #35a3ff; color: #ffffff; \" data-animation=\"fadeInLeft\" data-bg-color=\"#35a3ff\" data-hover-bg-color=\"#dd7433\" data-color=\"#ffffff\" data-hover-color=\"#ffffff\" data-border-color=\"#000000\" data-hover-border-color=\"#dd7433\" >Scopri di pi\u00f9<\/a><\/div><\/div><\/div><\/div><\/div><\/div><div class=\"be-section         clearfix\" data-headerscheme=\"background--dark\" style=\" background-color: #d0d0d0;\"  ><div class=\"be-section-pad clearfix \" style=\" padding-top:90px;padding-bottom:90px;\" data-padding-top = \"90\"><div  class=\"be-row  zero-bottom \"><div  class=\"one-col column-block clearfix  no-background    \" data-animation=\"\" style=\"  \"><div class=\"be-custom-column-inner\"><div class=\"be-text-block be-animate \" data-animation=\"fadeIn\"><p><img decoding=\"async\" style=\"width: 100%;\" src=\"\/wp-content\/uploads\/2016\/02\/MARIO-2.png\" alt=\"\"><\/p>\n<\/div><\/div><\/div><\/div><\/div><\/div><div class=\"be-section         clearfix\" data-headerscheme=\"background--dark\" style=\" \"  ><div class=\"be-section-pad clearfix \" style=\" padding-top:0px;padding-bottom:0px;\" data-padding-top = \"0\"><div  class=\"be-row  zero-bottom be-no-space \"><div  class=\"one-half column-block  with-background be-bg-cover   \" data-animation=\"\" style=\"background: url(https:\/\/www.alittleb.it\/wp-content\/uploads\/2016\/02\/classifiche_mario.jpg) repeat scroll top left;  \"><div class=\"be-custom-column-inner\"><\/div><\/div><div  class=\"one-half column-block  no-background    \" data-animation=\"\" style=\"  \"><div class=\"be-custom-column-pad\" style=\"padding-top: 15%;padding-bottom: 15%;padding-left: 5%;\"><div class=\"be-text-block be-animate \" data-animation=\"fadeIn\"><div class=\"be-text-inner clearfix\" style=\"width: 80%; margin: 0 auto 30px;\"><h2>Gamification<\/h2>\n<p class=\"p1\">La piattaforma segue i principi di gamification (badge, punteggi, classifiche) agganciandoli a dinamiche di social collaboration e competizione, come ad esempio la classifica dei 10 migliori punti vendita aumentando cos\u00ec i tassi di utilizzo.<\/p>\n<\/div><\/div><\/div><\/div><\/div><div  class=\"be-row  zero-bottom be-no-space \"><div  class=\"one-half column-block  no-background    \" data-animation=\"\" style=\"  \"><div class=\"be-custom-column-pad\" style=\"padding-top: 15%;padding-bottom: 15%;\"><div class=\"be-text-block be-animate \" data-animation=\"fadeIn\"><div class=\"be-text-inner clearfix\" style=\"width: 80%; margin: 0 auto 30px;\"><h2>Lean learning<\/h2>\n<p class=\"p1\" style=\"text-align: justify;\">Segue l\u2019approccio del LEAN LEARNING (tramite il microlearning) per creare, distribuire e valutare la formazione in modo pi\u00f9 agile, veloce ed efficace.<\/p>\n<\/div><\/div><\/div><\/div><div  class=\"one-half column-block  with-background be-bg-cover   \" data-animation=\"\" style=\"background: url(https:\/\/www.alittleb.it\/wp-content\/uploads\/2016\/02\/Screen-Shot-2016-06-27-at-10.21.09.png) repeat scroll top left;  \"><div class=\"be-custom-column-inner\"><\/div><\/div><\/div><div  class=\"be-row  zero-bottom be-no-space \"><div  class=\"one-half column-block  with-background be-bg-cover   \" data-animation=\"\" style=\"background: url(https:\/\/www.alittleb.it\/wp-content\/uploads\/2016\/02\/Screen-Shot-2016-06-27-at-10.25.11.png) repeat scroll top left;  \"><div class=\"be-custom-column-inner\"><\/div><\/div><div  class=\"one-half column-block  no-background    \" data-animation=\"\" style=\"  \"><div class=\"be-custom-column-pad\" style=\"padding-top: 15%;padding-bottom: 15%;\"><div class=\"be-text-block be-animate \" data-animation=\"fadeIn\"><div class=\"be-text-inner clearfix\" style=\"width: 80%; margin: 0 auto 30px;\"><h2>Formazione Blended<\/h2>\n<p class=\"p1\" style=\"text-align: justify;\">Tramite la funzionalit\u00e0 Calendario per la prenotazione gamificata degli eventi formativi, \u00e8 pi\u00f9 facile implementare strategie formative blended.<\/p>\n<\/div><\/div><\/div><\/div><\/div><\/div><\/div>","protected":false},"excerpt":{"rendered":"<p>Altri Case Study Allianz OpenExpo 2.0 Allianz Expo Italdesign Giugiaro Allianz Tweet MTV, Nickelodeon, Paramount Allianz TheGame 2.0 BPM MTV Awards &#8211; ArtistSaga SKILLATO\u00ae PER MARIONNAUD Marionnaud ha deciso di [&hellip;]<\/p>\n<p><a href=\"https:\/\/www.alittleb.it\/it\/portfolio-case-study\/marionnaud\/\" class=\"more-link style2-button\">Read More<\/a><\/p>","protected":false},"author":9,"featured_media":0,"parent":4598,"menu_order":0,"comment_status":"closed","ping_status":"closed","template":"","meta":{"content-type":"","_monsterinsights_skip_tracking":false,"_monsterinsights_sitenote_active":false,"_monsterinsights_sitenote_note":"","_monsterinsights_sitenote_category":0,"footnotes":""},"aioseo_notices":[],"_links":{"self":[{"href":"https:\/\/www.alittleb.it\/it\/wp-json\/wp\/v2\/pages\/4604"}],"collection":[{"href":"https:\/\/www.alittleb.it\/it\/wp-json\/wp\/v2\/pages"}],"about":[{"href":"https:\/\/www.alittleb.it\/it\/wp-json\/wp\/v2\/types\/page"}],"author":[{"embeddable":true,"href":"https:\/\/www.alittleb.it\/it\/wp-json\/wp\/v2\/users\/9"}],"replies":[{"embeddable":true,"href":"https:\/\/www.alittleb.it\/it\/wp-json\/wp\/v2\/comments?post=4604"}],"version-history":[{"count":1,"href":"https:\/\/www.alittleb.it\/it\/wp-json\/wp\/v2\/pages\/4604\/revisions"}],"predecessor-version":[{"id":4781,"href":"https:\/\/www.alittleb.it\/it\/wp-json\/wp\/v2\/pages\/4604\/revisions\/4781"}],"up":[{"embeddable":true,"href":"https:\/\/www.alittleb.it\/it\/wp-json\/wp\/v2\/pages\/4598"}],"wp:attachment":[{"href":"https:\/\/www.alittleb.it\/it\/wp-json\/wp\/v2\/media?parent=4604"}],"curies":[{"name":"wp","href":"https:\/\/api.w.org\/{rel}","templated":true}]}}